{"id":858,"date":"2018-01-21T18:02:43","date_gmt":"2018-01-21T17:02:43","guid":{"rendered":"http:\/\/albert-breier.de\/schriften\/"},"modified":"2024-04-23T00:18:59","modified_gmt":"2024-04-22T22:18:59","slug":"publications","status":"publish","type":"page","link":"https:\/\/albert-breier.de\/en\/publications\/","title":{"rendered":"Publications"},"content":{"rendered":"<p>[et_pb_section fb_built=&#8221;1&#8243; module_id=&#8221;ab-musik&#8221; _builder_version=&#8221;3.22&#8243;][et_pb_row _builder_version=&#8221;3.25&#8243; background_size=&#8221;initial&#8221; background_position=&#8221;top_left&#8221; background_repeat=&#8221;repeat&#8221;][et_pb_column type=&#8221;4_4&#8243; _builder_version=&#8221;3.25&#8243; custom_padding=&#8221;|||&#8221; custom_padding__hover=&#8221;|||&#8221;][et_pb_text admin_label=&#8221;Headline &#8211; Schriften&#8221; _builder_version=&#8221;4.9.0&#8243; hover_enabled=&#8221;0&#8243; sticky_enabled=&#8221;0&#8243;]<\/p>\n<h1>Books &amp; Articles<\/h1>\n<p>[\/et_pb_text][\/et_pb_column][\/et_pb_row][et_pb_row _builder_version=&#8221;3.25&#8243; background_size=&#8221;initial&#8221; background_position=&#8221;top_left&#8221; background_repeat=&#8221;repeat&#8221;][et_pb_column type=&#8221;4_4&#8243; _builder_version=&#8221;3.25&#8243; custom_padding=&#8221;|||&#8221; custom_padding__hover=&#8221;|||&#8221;][et_pb_text admin_label=&#8221;Headline &#8211; B\u00fccher&#8221; _builder_version=&#8221;3.27.4&#8243;]<\/p>\n<h2>Books<\/h2>\n<p>[\/et_pb_text][\/et_pb_column][\/et_pb_row][et_pb_row custom_padding_last_edited=&#8221;on|phone&#8221; module_id=&#8221;ZahlUndMoral&#8221; _builder_version=&#8221;3.25&#8243; custom_margin_last_edited=&#8221;off|phone&#8221; custom_padding=&#8221;||3em|&#8221; custom_padding_tablet=&#8221;||0px|&#8221; custom_padding_phone=&#8221;&#8221; column_structure=&#8221;1_3,1_3,1_3&#8243;][et_pb_column type=&#8221;1_3&#8243; _builder_version=&#8221;3.25&#8243; custom_padding=&#8221;|||&#8221; custom_padding__hover=&#8221;|||&#8221;][et_pb_text admin_label=&#8221;Buchtitel &#8211; Zahl und Moral&#8221; module_class=&#8221;ab-texte&#8221; _builder_version=&#8221;3.27.4&#8243;]<\/p>\n<h4>Zahl und Moral. Ein Entwurf<\/h4>\n<p>Passagen Verlag \/ Wien 2014<br \/>\n[\/et_pb_text][et_pb_toggle title=&#8221;get more information&#8221; admin_label=&#8221;Detailinformationen &#8211; Zahl und Moral&#8221; _builder_version=&#8221;3.0.95&#8243;]892 pages, EUR 95.-<br \/>\nISBN 9783709201329<\/p>\n<p><img decoding=\"async\" style=\"text-align: center; max-width: 400px; height: auto; border: 1px solid #000;\" title=\"cover\" src=\"https:\/\/albert-breier.de\/media\/buecher\/AlbertBreier-ZahlUndMoral-EinEntwurf.jpg\" alt=\"cover\" \/><br \/>\n[\/et_pb_toggle][\/et_pb_column][et_pb_column type=&#8221;1_3&#8243; _builder_version=&#8221;3.25&#8243; custom_padding=&#8221;|||&#8221; custom_padding__hover=&#8221;|||&#8221;][et_pb_text admin_label=&#8221;Buchtitel &#8211; Walter Zimmermann&#8221; module_class=&#8221;ab-texte&#8221; _builder_version=&#8221;3.27.4&#8243;]<\/p>\n<h4>Walter Zimmermann. Nomade in den Zeiten<\/h4>\n<p>Wolke Verlag \/ Hofheim 2014<br \/>\n[\/et_pb_text][et_pb_toggle title=&#8221;get more information&#8221; admin_label=&#8221;Detailinformationen &#8211; Walter Zimmermann&#8221; _builder_version=&#8221;3.0.95&#8243;]200 pages, EUR 24.-<br \/>\nISBN 9783955931148<\/p>\n<p><img decoding=\"async\" style=\"text-align: center; max-width: 400px; height: auto; border: 1px solid #000;\" title=\"front cover\" src=\"https:\/\/albert-breier.de\/media\/buecher\/AlbertBreier-WalterZimmermann-NomadeInDenZeiten.jpg\" alt=\"front cover\" \/><br \/>\n[\/et_pb_toggle][\/et_pb_column][et_pb_column type=&#8221;1_3&#8243; _builder_version=&#8221;3.25&#8243; custom_padding=&#8221;|||&#8221; custom_padding__hover=&#8221;|||&#8221;][et_pb_text admin_label=&#8221;Buchtitel &#8211; Zeit des Sehens und der Raum des H\u00f6rens&#8221; module_class=&#8221;ab-texte&#8221; _builder_version=&#8221;3.27.4&#8243;]<\/p>\n<h4>Die Zeit des Sehens und der Raum des H\u00f6rens<\/h4>\n<h6 style=\"color: #fff; line-height: 1.2; margin-top: 0.25em;\">Ein Versuch \u00fcber chinesische Malerei und europ\u00e4ische Musik<\/h6>\n<p>Verlag J.B.Metzler \/ Stuttgart 2002<br \/>\n[\/et_pb_text][et_pb_toggle title=&#8221;get more information&#8221; admin_label=&#8221;Detailinformationen &#8211; Zeit des Sehens und der Raum des H\u00f6rens&#8221; _builder_version=&#8221;3.0.95&#8243;]<\/p>\n<p>series: M&amp;P Schriftenreihe f\u00fcr Wissenschaft und Forschung<\/p>\n<p>Out of print. Remainders may be ordered from the author.<\/p>\n<p>518 pages, 56 illustrations, EUR 30.00<br \/> ISBN 3476452662<\/p>\n<p><img decoding=\"async\" style=\"text-align: center; max-width: 400px; height: auto; border: 1px solid #000;\" title=\"front cover\" src=\"https:\/\/albert-breier.de\/media\/buecher\/AlbertBreier-ChinesischeMalerei-EuropaeischeMusik.jpg\" alt=\"front cover\" \/><\/p>\n<p>[\/et_pb_toggle][\/et_pb_column][\/et_pb_row][\/et_pb_section][et_pb_section fb_built=&#8221;1&#8243; module_id=&#8221;ab-musik&#8221; _builder_version=&#8221;3.22&#8243;][et_pb_row _builder_version=&#8221;3.25&#8243;][et_pb_column type=&#8221;4_4&#8243; _builder_version=&#8221;3.25&#8243; custom_padding=&#8221;|||&#8221; custom_padding__hover=&#8221;|||&#8221;][et_pb_text admin_label=&#8221;Headline &#8211; Writings&#8221; _builder_version=&#8221;3.27.4&#8243;]<\/p>\n<h2>Writings<\/h2>\n<p>[\/et_pb_text][\/et_pb_column][\/et_pb_row][et_pb_row custom_padding_last_edited=&#8221;on|phone&#8221; module_id=&#8221;KulturtheoretischeSchriften&#8221; _builder_version=&#8221;3.25&#8243; custom_padding=&#8221;||3em|&#8221; custom_padding_tablet=&#8221;||0px|&#8221; custom_padding_phone=&#8221;&#8221; column_structure=&#8221;1_3,1_3,1_3&#8243;][et_pb_column type=&#8221;1_3&#8243; _builder_version=&#8221;3.25&#8243; custom_padding=&#8221;|||&#8221; custom_padding__hover=&#8221;|||&#8221;][et_pb_text admin_label=&#8221;Essay &#8211; Wind Blowing Through Utopia&#8221; module_class=&#8221;ab-texte&#8221; _builder_version=&#8221;3.27.4&#8243;]<\/p>\n<h4><a title=\"Download (PDF) only available in german\" href=\"https:\/\/albert-breier.de\/media\/essays\/Albert-Breier-Essay-WindBlowingUpUtopia.pdf\" target=\"_blank\" rel=\"noopener\">Wind Blowing Through Utopia<\/a><\/h4>\n<p>essay \/ 2015<br \/>\n[\/et_pb_text][et_pb_text admin_label=&#8221;Informationen &#8211; Wind Blowing Through Utopia&#8221; _builder_version=&#8221;3.27.4&#8243;]<em>\u017div\u00e1 hudba<\/em> \u266f, Juni 2015, <a title=\"Download (PDF) only available in german\" href=\"https:\/\/albert-breier.de\/media\/essays\/Albert-Breier-Essay-WindBlowingUpUtopia.pdf\" target=\"_blank\" rel=\"noopener\">Download<\/a><br \/>\n[\/et_pb_text][\/et_pb_column][et_pb_column type=&#8221;1_3&#8243; _builder_version=&#8221;3.25&#8243; custom_padding=&#8221;|||&#8221; custom_padding__hover=&#8221;|||&#8221;][et_pb_text admin_label=&#8221;Lexikonartikel &#8211; Walter Zimmermann&#8221; module_class=&#8221;ab-texte&#8221; _builder_version=&#8221;3.27.4&#8243;]<\/p>\n<h4>Walter Zimmermann<\/h4>\n<p>lexicon article \/ 2012<br \/>\n[\/et_pb_text][et_pb_text admin_label=&#8221;Informationen &#8211; Walter Zimmermann&#8221; _builder_version=&#8221;3.27.4&#8243;]<em>Komponisten der Gegenwart<\/em><br \/>\nEdition text + kritik, M\u00fcnchen 2012<br \/>\n[\/et_pb_text][\/et_pb_column][et_pb_column type=&#8221;1_3&#8243; _builder_version=&#8221;3.25&#8243; custom_padding=&#8221;|||&#8221; custom_padding__hover=&#8221;|||&#8221;][et_pb_text admin_label=&#8221;Titel &#8211; Um Zeit&#8221; module_class=&#8221;ab-texte&#8221; _builder_version=&#8221;3.27.4&#8243;]<\/p>\n<h4><a title=\"Download (PDF) only available in german\" href=\"https:\/\/albert-breier.de\/media\/essays\/Albert-Breier-Essay-UmZeit.pdf\" target=\"_blank\" rel=\"noopener\">Um Zeit<\/a><\/h4>\n<p>essay \/ 2008<br \/>\n[\/et_pb_text][et_pb_text admin_label=&#8221;Informationen &#8211; Um Zeit&#8221; _builder_version=&#8221;3.27.4&#8243;]<em>Positionen<\/em>, Beitr\u00e4ge zur Neuen Musik 75, Mai 2008, <a title=\"Download (PDF) only available in german\" href=\"https:\/\/albert-breier.de\/media\/essays\/Albert-Breier-Essay-UmZeit.pdf\" target=\"_blank\" rel=\"noopener\">Download<\/a><br \/>\n[\/et_pb_text][\/et_pb_column][\/et_pb_row][et_pb_row custom_padding_last_edited=&#8221;on|phone&#8221; _builder_version=&#8221;3.25&#8243; custom_padding=&#8221;||3em|&#8221; custom_padding_tablet=&#8221;||0px|&#8221; custom_padding_phone=&#8221;&#8221; column_structure=&#8221;1_3,1_3,1_3&#8243;][et_pb_column type=&#8221;1_3&#8243; _builder_version=&#8221;3.25&#8243; custom_padding=&#8221;|||&#8221; custom_padding__hover=&#8221;|||&#8221;][et_pb_text admin_label=&#8221;Essay &#8211; Der Geist der stillen Musik&#8221; module_class=&#8221;ab-texte&#8221; _builder_version=&#8221;3.27.4&#8243;]<\/p>\n<h4>Der Geist der stillen Musik<\/h4>\n<h6 style=\"color: #fff; line-height: 1.2; margin-top: 0.25em;\">Gedanken anl\u00e4\u00dflich einiger Kunstwerke im Museum f\u00fcr Asiatische Kunst in Berlin<\/h6>\n<p>essay \/ 2008<br \/>\n[\/et_pb_text][et_pb_text admin_label=&#8221;Informationen &#8211; Der Geist der stillen Musik&#8221; _builder_version=&#8221;3.27.4&#8243;]<em>Ostasiatische Zeitschrift<\/em>, Neue Serie, Nr. 15, Fr\u00fchjahr 2008<br \/>\n[\/et_pb_text][\/et_pb_column][et_pb_column type=&#8221;1_3&#8243; _builder_version=&#8221;3.25&#8243; custom_padding=&#8221;|||&#8221; custom_padding__hover=&#8221;|||&#8221;][et_pb_text admin_label=&#8221;Essay \/ Rede &#8211; Musik als Kunst der Zeit&#8221; module_class=&#8221;ab-texte&#8221; _builder_version=&#8221;3.27.4&#8243;]<\/p>\n<h4><a title=\"Download (PDF) only available in german\" href=\"https:\/\/albert-breier.de\/media\/essays\/Albert-Breier-Rede-MusikAlsKunstDerZeit.pdf\" target=\"_blank\" rel=\"noopener\">Musik als Kunst der Zeit<\/a><\/h4>\n<p>speech &amp; essay \/ 2005<br \/>\n[\/et_pb_text][et_pb_text admin_label=&#8221;Informationen &#8211; Musik als Kunst der Zeit&#8221; _builder_version=&#8221;3.27.4&#8243;]<em>kunst<\/em>Musik. Schriften zur Musik als Kunst 5, 2005, <a title=\"Download (PDF) only available in german\" href=\"https:\/\/albert-breier.de\/media\/essays\/Albert-Breier-Rede-MusikAlsKunstDerZeit.pdf\" target=\"_blank\" rel=\"noopener\">Download<\/a><br \/>\n[\/et_pb_text][\/et_pb_column][et_pb_column type=&#8221;1_3&#8243; _builder_version=&#8221;3.25&#8243; custom_padding=&#8221;|||&#8221; custom_padding__hover=&#8221;|||&#8221;][et_pb_text admin_label=&#8221;Buchrezension &#8211; Anton Webern&#8221; module_class=&#8221;ab-texte&#8221; _builder_version=&#8221;3.27.4&#8243;]<\/p>\n<h4>Wehrloser Ratgeber &#8211; Anton Webern als Lehrer<\/h4>\n<p>book review \/ 2004<br \/>\n[\/et_pb_text][et_pb_text admin_label=&#8221;Informationen &#8211; Anton Webern&#8221; _builder_version=&#8221;3.27.4&#8243;]<em>Musik &#038; \u00c4sthetik<\/em>, Heft 29, 2004<br \/>\n[\/et_pb_text][\/et_pb_column][\/et_pb_row][et_pb_row custom_padding_last_edited=&#8221;on|phone&#8221; _builder_version=&#8221;3.25&#8243; custom_padding=&#8221;||3em|&#8221; custom_padding_tablet=&#8221;||0px|&#8221; custom_padding_phone=&#8221;&#8221; column_structure=&#8221;1_3,1_3,1_3&#8243;][et_pb_column type=&#8221;1_3&#8243; _builder_version=&#8221;3.25&#8243; custom_padding=&#8221;|||&#8221; custom_padding__hover=&#8221;|||&#8221;][et_pb_text admin_label=&#8221;Buchrezension &#8211; Chinesische Fragen&#8221; module_class=&#8221;ab-texte&#8221; _builder_version=&#8221;3.27.4&#8243;]<\/p>\n<h4>Chinesische Fragen &#8211; Der Komponist Shi-Rui Zhu \u00fcber die neue Musik in China<\/h4>\n<p>book review \/ 2003<br \/>\n[\/et_pb_text][et_pb_text admin_label=&#8221;Informationen &#8211; Chinesische Fragen&#8221; _builder_version=&#8221;3.27.4&#8243;]<em>Musik &#038; \u00c4sthetik<\/em>, Heft 27, 2003<br \/>\n[\/et_pb_text][\/et_pb_column][et_pb_column type=&#8221;1_3&#8243; _builder_version=&#8221;3.25&#8243; custom_padding=&#8221;|||&#8221; custom_padding__hover=&#8221;|||&#8221;][et_pb_text admin_label=&#8221;Essay &#8211; Norbert von Hannenheim&#8221; module_class=&#8221;ab-texte&#8221; _builder_version=&#8221;3.27.4&#8243;]<\/p>\n<h4>Norbert von Hannenheim &#8211; Zur Physiognomie eines unbekannten Komponisten<\/h4>\n<p>essay \/ 2002<br \/>\n[\/et_pb_text][et_pb_text admin_label=&#8221;Informationen &#8211; Norbert von Hannenheim&#8221; _builder_version=&#8221;3.27.4&#8243;]<em>Musik-Konzepte<\/em> 117\/118, Arnold Sch\u00f6nbergs &#8220;Berliner Schule&#8221;, 2002<br \/>\n[\/et_pb_text][\/et_pb_column][et_pb_column type=&#8221;1_3&#8243; _builder_version=&#8221;3.25&#8243; custom_padding=&#8221;|||&#8221; custom_padding__hover=&#8221;|||&#8221;][\/et_pb_column][\/et_pb_row][\/et_pb_section][et_pb_section fb_built=&#8221;1&#8243; module_id=&#8221;ab-musik&#8221; _builder_version=&#8221;3.22&#8243;][et_pb_row _builder_version=&#8221;3.25&#8243;][et_pb_column type=&#8221;4_4&#8243; _builder_version=&#8221;3.25&#8243; custom_padding=&#8221;|||&#8221; custom_padding__hover=&#8221;|||&#8221;][et_pb_text admin_label=&#8221;Headline &#8211; Poetical writings \/ Studies on literature&#8221; _builder_version=&#8221;3.27.4&#8243;]<\/p>\n<h2>Poetical writings \/ Studies on literature (currently unpublished)<\/h2>\n<p>[\/et_pb_text][\/et_pb_column][\/et_pb_row][et_pb_row custom_padding_last_edited=&#8221;on|phone&#8221; _builder_version=&#8221;3.25&#8243; custom_padding=&#8221;||3em|&#8221; custom_padding_tablet=&#8221;||0px|&#8221; custom_padding_phone=&#8221;&#8221; column_structure=&#8221;1_3,1_3,1_3&#8243;][et_pb_column type=&#8221;1_3&#8243; _builder_version=&#8221;3.25&#8243; custom_padding=&#8221;|||&#8221; custom_padding__hover=&#8221;|||&#8221;][et_pb_text admin_label=&#8221;Studie &#8211; Konrad Wei\u00df&#8221; module_class=&#8221;ab-texte&#8221; _builder_version=&#8221;3.27.4&#8243;]<\/p>\n<h4>Konrad Wei\u00df, der Schwierige<\/h4>\n<p>study on the poet Konrad Weiss (1880-1940)<br \/>\n[\/et_pb_text][\/et_pb_column][et_pb_column type=&#8221;1_3&#8243; _builder_version=&#8221;3.25&#8243; custom_padding=&#8221;|||&#8221; custom_padding__hover=&#8221;|||&#8221;][et_pb_text admin_label=&#8221;Gedichte &#8211; Drei Traktate&#8221; module_class=&#8221;ab-texte&#8221; _builder_version=&#8221;3.27.4&#8243;]<\/p>\n<h4>Drei Traktate<\/h4>\n<p>prose poems<br \/>\n[\/et_pb_text][\/et_pb_column][et_pb_column type=&#8221;1_3&#8243; _builder_version=&#8221;3.25&#8243; custom_padding=&#8221;|||&#8221; custom_padding__hover=&#8221;|||&#8221;][et_pb_text admin_label=&#8221;Gedichte &#8211; 26 H\u00fctten&#8221; module_class=&#8221;ab-texte&#8221; _builder_version=&#8221;3.27.4&#8243;]<\/p>\n<h4>Sechsundzwanzig H\u00fctten<\/h4>\n<p>poems<br \/>\n[\/et_pb_text][\/et_pb_column][\/et_pb_row][\/et_pb_section]<\/p>\n","protected":false},"excerpt":{"rendered":"<p>[et_pb_section fb_built=&#8221;1&#8243; module_id=&#8221;ab-musik&#8221; _builder_version=&#8221;3.22&#8243;][et_pb_row _builder_version=&#8221;3.25&#8243; background_size=&#8221;initial&#8221; background_position=&#8221;top_left&#8221; background_repeat=&#8221;repeat&#8221;][et_pb_column type=&#8221;4_4&#8243; _builder_version=&#8221;3.25&#8243; custom_padding=&#8221;|||&#8221; custom_padding__hover=&#8221;|||&#8221;][et_pb_text admin_label=&#8221;Headline &#8211; Schriften&#8221; _builder_version=&#8221;4.9.0&#8243; hover_enabled=&#8221;0&#8243; sticky_enabled=&#8221;0&#8243;] Books &amp; Articles [\/et_pb_text][\/et_pb_column][\/et_pb_row][et_pb_row _builder_version=&#8221;3.25&#8243; background_size=&#8221;initial&#8221; background_position=&#8221;top_left&#8221; background_repeat=&#8221;repeat&#8221;][et_pb_column type=&#8221;4_4&#8243; _builder_version=&#8221;3.25&#8243; custom_padding=&#8221;|||&#8221; custom_padding__hover=&#8221;|||&#8221;][et_pb_text admin_label=&#8221;Headline &#8211; B\u00fccher&#8221; _builder_version=&#8221;3.27.4&#8243;] Books [\/et_pb_text][\/et_pb_column][\/et_pb_row][et_pb_row custom_padding_last_edited=&#8221;on|phone&#8221; module_id=&#8221;ZahlUndMoral&#8221; _builder_version=&#8221;3.25&#8243; custom_margin_last_edited=&#8221;off|phone&#8221; custom_padding=&#8221;||3em|&#8221; custom_padding_tablet=&#8221;||0px|&#8221; custom_padding_phone=&#8221;&#8221; column_structure=&#8221;1_3,1_3,1_3&#8243;][et_pb_column type=&#8221;1_3&#8243; _builder_version=&#8221;3.25&#8243; custom_padding=&#8221;|||&#8221; custom_padding__hover=&#8221;|||&#8221;][et_pb_text admin_label=&#8221;Buchtitel &#8211; Zahl und Moral&#8221; module_class=&#8221;ab-texte&#8221; _builder_version=&#8221;3.27.4&#8243;] [&hellip;]<\/p>\n","protected":false},"author":1,"featured_media":0,"parent":0,"menu_order":8,"comment_status":"closed","ping_status":"closed","template":"","meta":{"_et_pb_use_builder":"on","_et_pb_old_content":"","_et_gb_content_width":"","footnotes":""},"class_list":["post-858","page","type-page","status-publish","hentry"],"_links":{"self":[{"href":"https:\/\/albert-breier.de\/en\/wp-json\/wp\/v2\/pages\/858","targetHints":{"allow":["GET"]}}],"collection":[{"href":"https:\/\/albert-breier.de\/en\/wp-json\/wp\/v2\/pages"}],"about":[{"href":"https:\/\/albert-breier.de\/en\/wp-json\/wp\/v2\/types\/page"}],"author":[{"embeddable":true,"href":"https:\/\/albert-breier.de\/en\/wp-json\/wp\/v2\/users\/1"}],"replies":[{"embeddable":true,"href":"https:\/\/albert-breier.de\/en\/wp-json\/wp\/v2\/comments?post=858"}],"version-history":[{"count":1,"href":"https:\/\/albert-breier.de\/en\/wp-json\/wp\/v2\/pages\/858\/revisions"}],"predecessor-version":[{"id":2111,"href":"https:\/\/albert-breier.de\/en\/wp-json\/wp\/v2\/pages\/858\/revisions\/2111"}],"wp:attachment":[{"href":"https:\/\/albert-breier.de\/en\/wp-json\/wp\/v2\/media?parent=858"}],"curies":[{"name":"wp","href":"https:\/\/api.w.org\/{rel}","templated":true}]}}